{"id":7208,"date":"2023-06-09T16:58:02","date_gmt":"2023-06-09T14:58:02","guid":{"rendered":"https:\/\/mosquera.studio\/politica-de-cookies\/"},"modified":"2023-06-09T16:58:02","modified_gmt":"2023-06-09T14:58:02","slug":"politica-de-cookies","status":"publish","type":"page","link":"https:\/\/mosquera.studio\/ca\/politica-de-cookies\/","title":{"rendered":"Pol\u00edtica de Cookies"},"content":{"rendered":"<p>Aquest Lloc web, igual que la majoria dels llocs a Internet, fa servir Cookies per millorar i optimitzar l&#8217;experi\u00e8ncia de l&#8217;usuari. A continuaci\u00f3, trobar\u00e0 informaci\u00f3 detallada sobre qu\u00e8 s\u00f3n les &#8220;Cookies&#8221;, quina tipologia utilitza aquest Lloc web, com pot desactivar-les al seu navegador i com bloquejar espec\u00edficament la instal\u00b7laci\u00f3 de Cookies de tercers.<\/p>\n<p><b>QU\u00c8 S\u00d3N LES COOKIES I COM LES UTILITZA EL LLOC WEB DE Mosquera Studio?<\/b><\/p>\n<p>Les Cookies s\u00f3n arxius que el Lloc web o l&#8217;aplicaci\u00f3 que utilitza instal\u00b7la al seu navegador o al seu dispositiu (Smartphone, tauleta o televisi\u00f3 connectada) durant el seu recorregut per les p\u00e0gines o per l&#8217;aplicaci\u00f3, i serveixen per emmagatzemar informaci\u00f3 sobre la seva visita. Com la majoria dels llocs a internet, el portal web de Mosquera Studio utilitza Cookies per a:<\/p>\n<ul>\n<li>Assegurar que les p\u00e0gines web poden funcionar correctament<\/li>\n<li>Emmagatzemar les seves prefer\u00e8ncies, com l&#8217; idioma que ha seleccionat o la mida de lletra.<\/li>\n<li>Con\u00e8ixer la seva experi\u00e8ncia de navegaci\u00f3.<\/li>\n<li>Recopilar informaci\u00f3 estad\u00edstica an\u00f2nima, com quines p\u00e0gines ha vist o quant temps ha estat als nostres mitjans.<\/li>\n<\/ul>\n<p>L&#8217;\u00fas de Cookies ens permet optimitzar la seva navegaci\u00f3, adaptant la informaci\u00f3 i els serveis oferts als seus interessos, per proporcionar-li una millor experi\u00e8ncia sempre que ens visiti. El Lloc web de Mosquera Studio utilitza Cookies per funcionar, adaptar i facilitar al m\u00e0xim la navegaci\u00f3 de l&#8217;Usuari.<\/p>\n<p>Les Cookies s&#8217;associen \u00fanicament a un usuari an\u00f2nim i el seu ordinador\/dispositiu i no proporcionen refer\u00e8ncies que permetin con\u00e8ixer dades personals. En tot moment podr\u00e0 accedir a la configuraci\u00f3 del seu navegador per modificar i\/o bloquejar la instal\u00b7laci\u00f3 de les Cookies enviades pel Lloc web de Mosquera Studio, sense que aix\u00f2 impedeixi a l&#8217;acc\u00e9s als continguts. Tanmateix, la qualitat del funcionament dels serveis es pot veure afectada.<\/p>\n<p>Els Usuaris que completin el proc\u00e9s de registre o hagin iniciat sessi\u00f3 amb les seves dades d&#8217; acc\u00e9s podran accedir a serveis personalitzats i adaptats a les seves prefer\u00e8ncies segons la informaci\u00f3 personal subministrada en el moment del registre i l&#8217; emmagatzemada a la Cookie del seu navegador.<\/p>\n<p>Les eines d&#8217;email-m\u00e0rqueting de Mosquera Studio utilitzen petites imatges invisibles per als usuaris que s\u00f3n incloses en els emails. Aquesta tecnologia ens permet saber si un email s&#8217;ha llegit o no, en quina data, l&#8217;adre\u00e7a IP des de la qual ha estat consultat, etc. Amb aquesta informaci\u00f3, realitzem estudis estad\u00edstics i anal\u00edtics sobre l&#8217;enviament i recepci\u00f3 dels emails per millorar l&#8217;oferta dels serveis als quals l&#8217;usuari est\u00e0 subscrit i oferir-li informaci\u00f3 que pugui ser del seu inter\u00e8s.<\/p>\n<p><b>PER QU\u00c8 S\u00d3N IMPORTANTS LES COOKIES?<\/b><\/p>\n<ul>\n<li>Des d&#8217;un punt de vista t\u00e8cnic, permeten que el Lloc web funcioni de forma m\u00e9s \u00e0gil i adaptada a les prefer\u00e8ncies dels usuaris, com per exemple emmagatzemar l&#8217;idioma, la moneda del pa\u00eds o detectar el dispositiu d&#8217;acc\u00e9s.<\/li>\n<li>Estableixen nivells de protecci\u00f3 i seguretat que impedeixen o dificulten ciberatacs contra el Lloc web o els seus usuaris.<\/li>\n<li>Permeten que els gestors dels mitjans puguin con\u00e8ixer dades estad\u00edstiques recopilades a les Cookies per millorar la qualitat i experi\u00e8ncia dels seus serveis.<\/li>\n<li>Serveixen per optimitzar la publicitat que mostrem als usuaris, oferint la que m\u00e9s s&#8217;ajusta als seus interessos.<\/li>\n<\/ul>\n<p><b>QUIN TIPUS DE COOKIES UTILITZEM A Mosquera Studio?<\/b><\/p>\n<ol>\n<li>Cookies &#8220;anal\u00edtiques&#8221;: Amb prop\u00f2sits de manteniment peri\u00f2dic, i per tal de garantir el millor servei possible a l&#8217;usuari, aquest lloc web fa \u00fas de cookies &#8220;anal\u00edtiques&#8221; per al recavat d&#8217;estad\u00edstiques d&#8217;activitat. La informaci\u00f3 recaptada ser\u00e0 en tot cas an\u00f2nima, no sent possible establir cap vincle entre patrons de navegaci\u00f3 i persones f\u00edsiques. L&#8217;usuari podr\u00e0 excloure la seva activitat individual mitjan\u00e7ant els sistemes d&#8217;exclusi\u00f3 facilitats pels propis prove\u00efdors dels sistemes d&#8217;an\u00e0lisi que utilitzen aquestes cookies, com Google Analytics. \u00c9s possible que aquesta web utilitzi diversos d&#8217;aquests sistemes, i pot consultar la llista completa en el llistat de cookies al final d&#8217;aquest document.<\/li>\n<li>Altres cookies d&#8217;\u00fas intern: A m\u00e9s, aquesta web pot usar diverses cookies per al manteniment de sessions d&#8217;usuari entre diferents &#8220;logins&#8221; a les \u00e0rees privades o d&#8217;autogesti\u00f3 facilitades. La seva desactivaci\u00f3 ocasiona normalment mol\u00e8sties a l&#8217;usuari en forma de funcionalitats bloquejades, i s\u00f3n per tant cookies necess\u00e0ries per al funcionament d&#8217;aquest lloc. Novament, pot consultar la llista completa en el llistat de cookies al final d&#8217;aquest document.<\/li>\n<li>Cookies usades per xarxes socials: A m\u00e9s, en la mesura que es fa \u00fas de Social Plugins, aquesta web pot participar de diferents xarxes socials, com per exemple Facebook, per permetre que l&#8217;usuari pugui compartir amb el seu cercle social aquells continguts que li resultin d&#8217;inter\u00e8s. A la llista de cookies al final d&#8217;aquest document, es poden comprovar les cookies instal\u00b7lades i les xarxes socials corresponents.<\/li>\n<li>Cookies usades per complements externs de contingut: Aquesta web pot fer \u00fas de complements de visualitzaci\u00f3 de contingut, com ara Google Maps per visualitzar ubicacions geogr\u00e0fiques. El seu \u00fas implica en ocasions la remissi\u00f3 de certes cookies que s\u00f3n detallades en el llistat al final del document. Algunes d&#8217;aquestes cookies s\u00f3n instal\u00b7lades i gestionades pels prove\u00efdors d&#8217;aquests complements, no podent ser accedides per aquest lloc web.<\/li>\n<li>Cookies de tercers per a la personalitzaci\u00f3 d&#8217;espais publicitaris: Aquesta web pot fer \u00fas d&#8217;ad servers i, per tant, cookies vinculades als mateixos per a l&#8217;elaboraci\u00f3 de perfils a partir de prefer\u00e8ncies i comportament. En cas de fer-ho, aquestes es detallaran en el llistat al final d&#8217;aquest document, no sent instal\u00b7lades si, despr\u00e9s de ser informat en accedir al lloc, l&#8217;usuari no accepta la pol\u00edtica de cookies i per tant no continua la seva navegaci\u00f3.<\/li>\n<\/ol>\n<p><b>RELACI\u00d3 I DESCRIPCI\u00d3 DE COOKIES. NIVELLS D&#8217; INTRUSION:<\/b><\/p>\n<p>La taula que aqu\u00ed segueix esquematitza les cookies a dalt exposades, incorporant un criteri de &#8220;nivell d&#8217;intrusi\u00f3&#8221; recolzat en una escala de l&#8217;1 al 3, en la qual:<\/p>\n<p><b>Nivell 1:<\/b>  es correspon amb cookies d&#8217;\u00fas intern imprescindibles per al funcionament del lloc web i, per tant, la prestaci\u00f3 del servei sol\u00b7licitat per l&#8217;usuari, aix\u00ed com cookies gestionades per tercers amb l&#8217;\u00fanica finalitat de permetre el correcte funcionament de complements externs de contingut i, per tant, necess\u00e0ries per a la correcta visualitzaci\u00f3 d&#8217;aquest lloc web.<\/p>\n<p><b>Nivell 2:<\/b> es correspon amb cookies an\u00f2nimes, anal\u00edtiques, d&#8217; \u00fas intern, necess\u00e0ries per al manteniment de continguts i navegaci\u00f3, i exclusivament gestionades per aquest lloc web.<\/p>\n<p><b>Nivell 3:<\/b> es correspon amb cookies gestionades per tercers que permeten el seguiment de l&#8217;usuari a trav\u00e9s d&#8217;altres webs o serveis.<\/p>\n<p><b>TAULA DE COOKIES USADES EN AQUEST LLOC WEB, INDICANT EL GESTOR DE LES MATEIXES QUAN \u00c9S UN TERCER<\/b><\/p>\n<p><img decoding=\"async\" class=\"lazyload alignnone wp-image-6621 size-full\" src=\"https:\/\/mosquera.studio\/wp-content\/uploads\/2023\/08\/cookies.png\" data-orig-src=\"https:\/\/mosquera.studio\/wp-content\/uploads\/2023\/08\/cookies.png\" alt=\"\" width=\"681\" height=\"389\" srcset=\"data:image\/svg+xml,%3Csvg%20xmlns%3D%27http%3A%2F%2Fwww.w3.org%2F2000%2Fsvg%27%20width%3D%27681%27%20height%3D%27389%27%20viewBox%3D%270%200%20681%20389%27%3E%3Crect%20width%3D%27681%27%20height%3D%27389%27%20fill-opacity%3D%220%22%2F%3E%3C%2Fsvg%3E\" data-srcset=\"https:\/\/mosquera.studio\/wp-content\/uploads\/2023\/08\/cookies-200x114.png 200w, https:\/\/mosquera.studio\/wp-content\/uploads\/2023\/08\/cookies-300x171.png 300w, https:\/\/mosquera.studio\/wp-content\/uploads\/2023\/08\/cookies-400x228.png 400w, https:\/\/mosquera.studio\/wp-content\/uploads\/2023\/08\/cookies-600x343.png 600w, https:\/\/mosquera.studio\/wp-content\/uploads\/2023\/08\/cookies.png 681w\" data-sizes=\"auto\" data-orig-sizes=\"(max-width: 681px) 100vw, 681px\" \/><\/p>\n<p><b>COM PUC DESACTIVAR O ELIMINAR AQUESTES COOKIES?<\/b><\/p>\n<p>L&#8217;usuari podr\u00e0 en qualsevol moment triar quines cookies vol que funcionin en aquest lloc web mitjan\u00e7ant, per exemple, la configuraci\u00f3 del navegador:<\/p>\n<p>Per a m\u00e9s informaci\u00f3 sobre Microsoft Internet Explorer <a href=\"http:\/\/windows.microsoft.com\/es-419\/internet-explorer\/delete-manage-cookies%23ie=ie-11\">poseu aqu\u00ed<\/a><\/p>\n<p>Per a m\u00e9s informaci\u00f3 sobre Mozilla Firefox <a href=\"https:\/\/support.mozilla.org\/es\/kb\/habilitar-y-deshabilitar-cookies-que-los-sitios-we%23w_lcahmo-cambio-la-configuraciahn-de-las-cookies\">poseu aqu\u00ed<\/a><span class=\"Apple-converted-space\"> <\/span><\/p>\n<p>Per a m\u00e9s informaci\u00f3 sobre Google Chrome <a href=\"https:\/\/support.google.com\/accounts\/answer\/61416?hl=es\">poseu aqu\u00ed<\/a><\/p>\n<p>Per a m\u00e9s informaci\u00f3 sobre Safari <a href=\"https:\/\/support.apple.com\/es-es\/guide\/safari\/sfri11471\/mac\">poseu aqu\u00ed<\/a><\/p>\n<p><b>QU\u00c8 PASSA SI ES DESHABILITEN LES COOKIES<\/b><\/p>\n<p>Algunes funcionalitats dels Serveis quedaran deshabilitades.<\/p>\n<p><b>ACTUALITZACI\u00d3 DE LA NOSTRA POL\u00cdTICA DE COOKIES<\/b><\/p>\n<p>\u00c9s possible que actualitzem la Pol\u00edtica de Cookies del nostre Lloc web, per aix\u00f2 li recomanem revisar aquesta pol\u00edtica cada vegada que hi accedeixi amb l&#8217;objectiu d&#8217;estar adequadament informat sobre com i per a qu\u00e8 fem servir les cookies.<\/p>\n","protected":false},"excerpt":{"rendered":"<p>Aquest Lloc web, igual que la majoria dels llocs a Internet, fa [&hellip;]<\/p>\n","protected":false},"author":1,"featured_media":0,"parent":0,"menu_order":0,"comment_status":"closed","ping_status":"closed","template":"","meta":{"footnotes":""},"class_list":["post-7208","page","type-page","status-publish","hentry"],"yoast_head":"<!-- This site is optimized with the Yoast SEO plugin v27.5 - https:\/\/yoast.com\/product\/yoast-seo-wordpress\/ -->\n<title>Pol\u00edtica de Cookies | Mosquera Studio<\/title>\n<meta name=\"robots\" content=\"index, follow, max-snippet:-1, max-image-preview:large, max-video-preview:-1\" \/>\n<link rel=\"canonical\" href=\"https:\/\/mosquera.studio\/ca\/politica-de-cookies\/\" \/>\n<meta property=\"og:locale\" content=\"ca_ES\" \/>\n<meta property=\"og:type\" content=\"article\" \/>\n<meta property=\"og:title\" content=\"Pol\u00edtica de Cookies | Mosquera Studio\" \/>\n<meta property=\"og:description\" content=\"Aquest Lloc web, igual que la majoria dels llocs a Internet, fa [&hellip;]\" \/>\n<meta property=\"og:url\" content=\"https:\/\/mosquera.studio\/ca\/politica-de-cookies\/\" \/>\n<meta property=\"og:site_name\" content=\"Mosquera Studio\" \/>\n<meta property=\"og:image\" content=\"https:\/\/mosquera.studio\/wp-content\/uploads\/2023\/08\/cookies.png\" \/>\n<meta name=\"twitter:card\" content=\"summary_large_image\" \/>\n<meta name=\"twitter:label1\" content=\"Temps estimat de lectura\" \/>\n\t<meta name=\"twitter:data1\" content=\"6 minuts\" \/>\n<script type=\"application\/ld+json\" class=\"yoast-schema-graph\">{\"@context\":\"https:\\\/\\\/schema.org\",\"@graph\":[{\"@type\":\"WebPage\",\"@id\":\"https:\\\/\\\/mosquera.studio\\\/ca\\\/politica-de-cookies\\\/\",\"url\":\"https:\\\/\\\/mosquera.studio\\\/ca\\\/politica-de-cookies\\\/\",\"name\":\"Pol\u00edtica de Cookies | Mosquera Studio\",\"isPartOf\":{\"@id\":\"https:\\\/\\\/mosquera.studio\\\/ca\\\/#website\"},\"primaryImageOfPage\":{\"@id\":\"https:\\\/\\\/mosquera.studio\\\/ca\\\/politica-de-cookies\\\/#primaryimage\"},\"image\":{\"@id\":\"https:\\\/\\\/mosquera.studio\\\/ca\\\/politica-de-cookies\\\/#primaryimage\"},\"thumbnailUrl\":\"https:\\\/\\\/mosquera.studio\\\/wp-content\\\/uploads\\\/2023\\\/08\\\/cookies.png\",\"datePublished\":\"2023-06-09T14:58:02+00:00\",\"breadcrumb\":{\"@id\":\"https:\\\/\\\/mosquera.studio\\\/ca\\\/politica-de-cookies\\\/#breadcrumb\"},\"inLanguage\":\"ca\",\"potentialAction\":[{\"@type\":\"ReadAction\",\"target\":[\"https:\\\/\\\/mosquera.studio\\\/ca\\\/politica-de-cookies\\\/\"]}]},{\"@type\":\"ImageObject\",\"inLanguage\":\"ca\",\"@id\":\"https:\\\/\\\/mosquera.studio\\\/ca\\\/politica-de-cookies\\\/#primaryimage\",\"url\":\"https:\\\/\\\/mosquera.studio\\\/wp-content\\\/uploads\\\/2023\\\/08\\\/cookies.png\",\"contentUrl\":\"https:\\\/\\\/mosquera.studio\\\/wp-content\\\/uploads\\\/2023\\\/08\\\/cookies.png\"},{\"@type\":\"BreadcrumbList\",\"@id\":\"https:\\\/\\\/mosquera.studio\\\/ca\\\/politica-de-cookies\\\/#breadcrumb\",\"itemListElement\":[{\"@type\":\"ListItem\",\"position\":1,\"name\":\"Home\",\"item\":\"https:\\\/\\\/mosquera.studio\\\/ca\\\/\"},{\"@type\":\"ListItem\",\"position\":2,\"name\":\"Pol\u00edtica de Cookies\"}]},{\"@type\":\"WebSite\",\"@id\":\"https:\\\/\\\/mosquera.studio\\\/ca\\\/#website\",\"url\":\"https:\\\/\\\/mosquera.studio\\\/ca\\\/\",\"name\":\"Mosquera Studio\",\"description\":\"Dise\u00f1o de Interiores y Arquitectura\",\"publisher\":{\"@id\":\"https:\\\/\\\/mosquera.studio\\\/ca\\\/#organization\"},\"alternateName\":\"Rehabilitaci\u00f3n y restauraci\u00f3n de edificios\",\"potentialAction\":[{\"@type\":\"SearchAction\",\"target\":{\"@type\":\"EntryPoint\",\"urlTemplate\":\"https:\\\/\\\/mosquera.studio\\\/ca\\\/?s={search_term_string}\"},\"query-input\":{\"@type\":\"PropertyValueSpecification\",\"valueRequired\":true,\"valueName\":\"search_term_string\"}}],\"inLanguage\":\"ca\"},{\"@type\":\"Organization\",\"@id\":\"https:\\\/\\\/mosquera.studio\\\/ca\\\/#organization\",\"name\":\"Mosquera Studio\",\"alternateName\":\"Dise\u00f1o de Interiores y Arquitectura\",\"url\":\"https:\\\/\\\/mosquera.studio\\\/ca\\\/\",\"logo\":{\"@type\":\"ImageObject\",\"inLanguage\":\"ca\",\"@id\":\"https:\\\/\\\/mosquera.studio\\\/ca\\\/#\\\/schema\\\/logo\\\/image\\\/\",\"url\":\"https:\\\/\\\/mosquera.studio\\\/wp-content\\\/uploads\\\/2023\\\/08\\\/logo-mosquera-x2.png\",\"contentUrl\":\"https:\\\/\\\/mosquera.studio\\\/wp-content\\\/uploads\\\/2023\\\/08\\\/logo-mosquera-x2.png\",\"width\":420,\"height\":300,\"caption\":\"Mosquera Studio\"},\"image\":{\"@id\":\"https:\\\/\\\/mosquera.studio\\\/ca\\\/#\\\/schema\\\/logo\\\/image\\\/\"}}]}<\/script>\n<!-- \/ Yoast SEO plugin. -->","yoast_head_json":{"title":"Pol\u00edtica de Cookies | Mosquera Studio","robots":{"index":"index","follow":"follow","max-snippet":"max-snippet:-1","max-image-preview":"max-image-preview:large","max-video-preview":"max-video-preview:-1"},"canonical":"https:\/\/mosquera.studio\/ca\/politica-de-cookies\/","og_locale":"ca_ES","og_type":"article","og_title":"Pol\u00edtica de Cookies | Mosquera Studio","og_description":"Aquest Lloc web, igual que la majoria dels llocs a Internet, fa [&hellip;]","og_url":"https:\/\/mosquera.studio\/ca\/politica-de-cookies\/","og_site_name":"Mosquera Studio","og_image":[{"url":"https:\/\/mosquera.studio\/wp-content\/uploads\/2023\/08\/cookies.png","type":"","width":"","height":""}],"twitter_card":"summary_large_image","twitter_misc":{"Temps estimat de lectura":"6 minuts"},"schema":{"@context":"https:\/\/schema.org","@graph":[{"@type":"WebPage","@id":"https:\/\/mosquera.studio\/ca\/politica-de-cookies\/","url":"https:\/\/mosquera.studio\/ca\/politica-de-cookies\/","name":"Pol\u00edtica de Cookies | Mosquera Studio","isPartOf":{"@id":"https:\/\/mosquera.studio\/ca\/#website"},"primaryImageOfPage":{"@id":"https:\/\/mosquera.studio\/ca\/politica-de-cookies\/#primaryimage"},"image":{"@id":"https:\/\/mosquera.studio\/ca\/politica-de-cookies\/#primaryimage"},"thumbnailUrl":"https:\/\/mosquera.studio\/wp-content\/uploads\/2023\/08\/cookies.png","datePublished":"2023-06-09T14:58:02+00:00","breadcrumb":{"@id":"https:\/\/mosquera.studio\/ca\/politica-de-cookies\/#breadcrumb"},"inLanguage":"ca","potentialAction":[{"@type":"ReadAction","target":["https:\/\/mosquera.studio\/ca\/politica-de-cookies\/"]}]},{"@type":"ImageObject","inLanguage":"ca","@id":"https:\/\/mosquera.studio\/ca\/politica-de-cookies\/#primaryimage","url":"https:\/\/mosquera.studio\/wp-content\/uploads\/2023\/08\/cookies.png","contentUrl":"https:\/\/mosquera.studio\/wp-content\/uploads\/2023\/08\/cookies.png"},{"@type":"BreadcrumbList","@id":"https:\/\/mosquera.studio\/ca\/politica-de-cookies\/#breadcrumb","itemListElement":[{"@type":"ListItem","position":1,"name":"Home","item":"https:\/\/mosquera.studio\/ca\/"},{"@type":"ListItem","position":2,"name":"Pol\u00edtica de Cookies"}]},{"@type":"WebSite","@id":"https:\/\/mosquera.studio\/ca\/#website","url":"https:\/\/mosquera.studio\/ca\/","name":"Mosquera Studio","description":"Dise\u00f1o de Interiores y Arquitectura","publisher":{"@id":"https:\/\/mosquera.studio\/ca\/#organization"},"alternateName":"Rehabilitaci\u00f3n y restauraci\u00f3n de edificios","potentialAction":[{"@type":"SearchAction","target":{"@type":"EntryPoint","urlTemplate":"https:\/\/mosquera.studio\/ca\/?s={search_term_string}"},"query-input":{"@type":"PropertyValueSpecification","valueRequired":true,"valueName":"search_term_string"}}],"inLanguage":"ca"},{"@type":"Organization","@id":"https:\/\/mosquera.studio\/ca\/#organization","name":"Mosquera Studio","alternateName":"Dise\u00f1o de Interiores y Arquitectura","url":"https:\/\/mosquera.studio\/ca\/","logo":{"@type":"ImageObject","inLanguage":"ca","@id":"https:\/\/mosquera.studio\/ca\/#\/schema\/logo\/image\/","url":"https:\/\/mosquera.studio\/wp-content\/uploads\/2023\/08\/logo-mosquera-x2.png","contentUrl":"https:\/\/mosquera.studio\/wp-content\/uploads\/2023\/08\/logo-mosquera-x2.png","width":420,"height":300,"caption":"Mosquera Studio"},"image":{"@id":"https:\/\/mosquera.studio\/ca\/#\/schema\/logo\/image\/"}}]}},"_links":{"self":[{"href":"https:\/\/mosquera.studio\/ca\/wp-json\/wp\/v2\/pages\/7208","targetHints":{"allow":["GET"]}}],"collection":[{"href":"https:\/\/mosquera.studio\/ca\/wp-json\/wp\/v2\/pages"}],"about":[{"href":"https:\/\/mosquera.studio\/ca\/wp-json\/wp\/v2\/types\/page"}],"author":[{"embeddable":true,"href":"https:\/\/mosquera.studio\/ca\/wp-json\/wp\/v2\/users\/1"}],"replies":[{"embeddable":true,"href":"https:\/\/mosquera.studio\/ca\/wp-json\/wp\/v2\/comments?post=7208"}],"version-history":[{"count":0,"href":"https:\/\/mosquera.studio\/ca\/wp-json\/wp\/v2\/pages\/7208\/revisions"}],"wp:attachment":[{"href":"https:\/\/mosquera.studio\/ca\/wp-json\/wp\/v2\/media?parent=7208"}],"curies":[{"name":"wp","href":"https:\/\/api.w.org\/{rel}","templated":true}]}}