{"id":7209,"date":"2023-06-09T16:50:37","date_gmt":"2023-06-09T14:50:37","guid":{"rendered":"https:\/\/mosquera.studio\/politica-de-privacitat\/"},"modified":"2023-06-09T16:50:37","modified_gmt":"2023-06-09T14:50:37","slug":"politica-de-privacitat","status":"publish","type":"page","link":"https:\/\/mosquera.studio\/ca\/politica-de-privacitat\/","title":{"rendered":"Pol\u00edtica de Privacitat"},"content":{"rendered":"<div class=\"et_pb_text_inner\">\n<div class=\"et_pb_module et_pb_text et_pb_text_0 et_pb_text_align_left et_pb_bg_layout_light\">\n<div class=\"et_pb_text_inner\">\n<p><b>1. Recollida, tractament i \u00fas de les dades personals al web:<\/b><\/p>\n<p>En base al que disposa el Reglament General de Protecci\u00f3 de Dades 2016\/679 (RGPD) i en la Llei Org\u00e0nica 3\/2018, de Protecci\u00f3 de Dades Personals i garantia de drets digitals (LOPDGDD), l&#8217;informem que per fer \u00fas alguns dels serveis que els ofereix la nostra web, pot ser necessari que ens subministri determinades dades de car\u00e0cter personal que seran incorporades a fitxers automatitzats.<\/p>\n<p>Complint amb les noves disposicions del Reglament (UE) 2016\/679 del PE i del Consell de 27 d&#8217;Abril de 2016 i de la Llei Org\u00e0nica 3\/2018, de 5 de desembre, de Protecci\u00f3 de Dades Personals i garantia de drets digitals, relatives a la protecci\u00f3 de les persones f\u00edsiques pel que fa al tractament de dades personals i a la lliure circulaci\u00f3 d&#8217;aquestes dades i pel qual es deroga la Directiva 95\/46\/CE,  l&#8217;informem que el responsable del tractament de les dades \u00e9s:<\/p>\n<p>Denominaci\u00f3 social: Mosquera Studio<\/p>\n<p>NIF: 46946418Z<\/p>\n<p>Domicili principal: Sabadell<\/p>\n<p>E-mail: raul@mosquera.studio.<\/p>\n<p>Tel\u00e8fon de contacte: 660919869<\/p>\n<p>Per realitzar qualsevol tipus d&#8217;observaci\u00f3 respecte a possibles incompliments dels drets de propietat intel\u00b7lectual o industrial, aix\u00ed com sobre qualsevol dels continguts del lloc web, pot fer-ho posant-se en contacte amb l&#8217;empresa a trav\u00e9s de qualsevol dels mitjans indicats anteriorment.<\/p>\n<p>Els continguts del Lloc Web tenen com a finalitat informar els usuaris, dels serveis oferts per l&#8217;empresa com a conseq\u00fc\u00e8ncia de les sol\u00b7licituds, gestions o tr\u00e0mits que l&#8217;Usuari realitzi mitjan\u00e7ant la web. Les dades objecte de tractament seran aquelles que ens faciliti a trav\u00e9s dels formularis que en cada moment contingui la p\u00e0gina o a trav\u00e9s dels correus electr\u00f2nics que l&#8217; Usuari dirigeixi a les adreces de correu electr\u00f2nic identificades en la mateixa, aix\u00ed com aquells altres que es generin durant el manteniment de la relaci\u00f3 corresponent.<\/p>\n<p>Tots els camps que apareixen assenyalats com a obligatoris en qualsevol dels formularis hauran de ser emplenats necess\u00e0riament, de manera que l&#8217; omissi\u00f3 d&#8217; algun d&#8217; ells podr\u00e0 comportar la impossibilitat que puguem atendre la seva sol.licitud o prestar-li els serveis corresponents.<\/p>\n<p>Addicionalment, durant aquesta recollida de dades, \u00e9s possible que es demani el seu consentiment per a una altra s\u00e8rie de finalitats que no guarden una relaci\u00f3 directa amb el servei o la relaci\u00f3 corresponent. En el cas que no estigui d&#8217; acord amb aquests tractaments addicionals, marqui la casella destinada a l&#8217; efecte segons correspongui.<\/p>\n<p>Sol\u00b7licitants d&#8217;informaci\u00f3: Les dades personals utilitzades en aquests casos procedeixen del mateix interessat,<\/p>\n<p>el qual els proporciona a Mosquera Studio en completar el formulari de contacte contingut en el Lloc Web, en efectuar una trucada telef\u00f2nica, o en enviar un correu.<\/p>\n<p>Aquestes dades s&#8217; utilitzen amb la finalitat de resoldre les consultes i proporcionar informaci\u00f3 a aquells que ho demandin o ho autoritzin expressament, principalment per mitj\u00e0 del correu electr\u00f2nic.<\/p>\n<p>La persona que accedeixi a aquest Lloc Web (en endavant, l&#8217;Usuari), assegura que t\u00e9 l&#8217;edat m\u00ednima legal establerta pel Reglament General de Protecci\u00f3 de Dades 679\/2016 (14 anys) o per la normativa nacional que li sigui d&#8217;aplicaci\u00f3 per atorgar el consentiment en relaci\u00f3 amb els Serveis de la Societat de la Informaci\u00f3.<\/p>\n<p>Mitjan\u00e7ant l&#8217;acc\u00e9s a aquest Lloc Web, l&#8217;Usuari accepta expressament totes les cl\u00e0usules de la seva informaci\u00f3 legal, d&#8217;aquesta pol\u00edtica de privacitat, i de la seva pol\u00edtica de cookies, aix\u00ed com de totes aquelles condicions particulars recollides per a la utilitzaci\u00f3 de determinats serveis. En cas de no acceptar alguna de les citades cl\u00e0usules, l&#8217;Usuari haur\u00e0 d&#8217;abstenir-se d&#8217;accedir a aquest Lloc Web.<\/p>\n<p>En accedir l&#8217;Usuari als comptes de Mosquera Studio a les xarxes socials accepta el tractament de les seves dades personals per part d&#8217;aquestes segons les seves pol\u00edtiques de privacitat: Pol\u00edtica de privacitat de xarxes socials<\/p>\n<p><b>2. Finalitat del tractament de les dades personals:<\/b><\/p>\n<p>2.1. Amb quina finalitat tractarem les teves dades personals?<\/p>\n<p>A Mosquera Studio tractarem les teves dades personals, recaptades a trav\u00e9s del Lloc Web amb les seg\u00fcents finalitats:<\/p>\n<p>\u2013 Enviament d&#8217;informaci\u00f3 sol\u00b7licitada a trav\u00e9s dels formularis de contacte disposats en el Lloc Web per a la finalitat sol\u00b7licitar qualsevol tipus de consulta relacionada amb els productes o serveis que presta l&#8217;empresa.<\/p>\n<p>\u2013 Analitzar el perfil de l&#8217;usuari amb el motiu d&#8217;optimitzar, mesurar i personalitzar l&#8217;\u00fas del Lloc Web.<\/p>\n<p>\u2013 Remetre butlletins -newsletters- , aix\u00ed com comunicacions comercials de promocions i\/o publicitat del Lloc Web.<\/p>\n<p>Aix\u00ed mateix, et recordem que pots oposar-te a l&#8217;enviament de comunicacions comercials per qualsevol via i en qualsevol moment, dirigint-te a Mosquera Studio<\/p>\n<p>Els camps d&#8217; aquests registres s\u00f3n d&#8217; emplenament obligatori, essent impossible realitzar les finalitats expressades si no s&#8217; aporten aquestes dades.<\/p>\n<p>2.2. Per quant temps es conserven les dades personals recaptades?<\/p>\n<p>Les dades personals proporcionades es conservaran mentre es gestiona la seva comunicaci\u00f3 i\/o no sol\u00b7liciti la seva supressi\u00f3 i durant el temps m\u00ednim necessari per complir amb les obligacions legals o poguessin derivar-se responsabilitats legals pels serveis prestats.<\/p>\n<p><b>3. Legitimaci\u00f3:<\/b><\/p>\n<p>El tractament de les teves dades es realitza amb les seg\u00fcents bases jur\u00eddiques que legitimen el mateix:<\/p>\n<p>\u2013 El consentiment lliure, espec\u00edfic, informat i inequ\u00edvoc, en tant que t&#8217;informem posant a la teva disposici\u00f3 la present pol\u00edtica de privacitat, que despr\u00e9s de la lectura de la mateixa, en cas d&#8217;estar conforme, pots acceptar mitjan\u00e7ant una declaraci\u00f3 o una clara acci\u00f3 afirmativa, com el marcat d&#8217;una casella disposada a l&#8217;efecte.<\/p>\n<p>En cas que no ens facilitis les teves dades o les facis de forma err\u00f2nia o incompleta, no podrem atendre la teva sol\u00b7licitud, resultant del tot impossible proporcionar-te la informaci\u00f3 sol\u00b7licitada o dur a terme la contractaci\u00f3 dels serveis.<\/p>\n<p><b>4. Garantia:<\/b><\/p>\n<p>L&#8217;Usuari garanteix que les dades aportades s\u00f3n veritables, exactes, completes i actualitzades, sent responsable de qualsevol dany o perjudici, directe o indirecte, que pogu\u00e9s ocasionar-se com a conseq\u00fc\u00e8ncia de l&#8217;incompliment d&#8217;aquesta obligaci\u00f3. En el cas que les dades aportades pertanyessin a un tercer, l&#8217;Usuari garanteix que ha informat a aquest tercer i obtingut la seva autoritzaci\u00f3 per facilitar les seves dades personals a Mosquera Studio<\/p>\n<p><b>5. Conservaci\u00f3 de les dades:<\/b><\/p>\n<p>Les seves dades es conservaran mentre es mantingui la relaci\u00f3 contractual o durant els anys necessaris per complir amb les obligacions legals, mentre no demani el seu cessament o durant el temps necessari per a la realitzaci\u00f3 dels fins necessaris per als recaptats.<\/p>\n<p><b>6. Destinataris:<\/b><\/p>\n<p>Les seves dades seran conservades sota estrictes mesures de seguretat que en garanteixin la confidencialitat i la seguretat. De la mateixa manera, nom\u00e9s seran cedits a les entitats i per a les finalitats seg\u00fcents:<\/p>\n<p>-Entitats i prove\u00efdors que presten serveis a Mosquera Studio per a la correcta realitzaci\u00f3 d&#8217; aquests serveis. Aquestes entitats i prove\u00efdors es troben degudament acreditats i signen amb nosaltres el corresponent contracte de tractament de dades en compliment de la normativa de protecci\u00f3 de dades vigent.<\/p>\n<p>-Organismes i entitats oficials en compliment de les normatives i lleis vigents.<\/p>\n<p>Destinataris fora de la Uni\u00f3 Europea: Mosquera Studio no cedeix dades personals a tercers ni contracta amb prove\u00efdors prestadors de serveis fora de la Uni\u00f3 Europea&#8230;<\/p>\n<p>Les dades no es comunicaran a cap tercer ali\u00e8 a Mosquera Studio, fora dels casos anteriorment descrits, llevat d&#8217; obligaci\u00f3 legal o autoritzaci\u00f3 pr\u00e8via.<\/p>\n<p><b>7. Drets:<\/b><\/p>\n<p>Com a interessat que ens has proporcionat les teves dades personals, tens ple dret a obtenir<\/p>\n<p>confirmaci\u00f3 sobre si a Mosquera Studio estem tractant les teves dades personals, i en concret est\u00e0s facultat per exercitar els seg\u00fcents drets que la normativa en mat\u00e8ria de protecci\u00f3 de dades et reconeix, conforme al previst en la mateixa:<\/p>\n<p>\u2013 Dret d&#8217;ACC\u00c9S a les teves dades personals.<\/p>\n<p>\u2013 Drets de sol\u00b7licitar la RECTIFICACI\u00d3 de les dades inexactes.<\/p>\n<p>\u2013 Dret de sol\u00b7licitar la seva SUPRESSI\u00d3 quan, entre altres motius, les dades ja no siguin necess\u00e0ries per a les finalitats que van ser recollides.<\/p>\n<p>\u2013 En determinades circumst\u00e0ncies, podr\u00e0s sol\u00b7licitar la LIMITACI\u00d3 DEL TRACTAMENT de les teves dades, cas en el qual \u00fanicament les conservarem per a l&#8217;exercici o la defensa de reclamacions.<\/p>\n<p>\u2013 En determinades circumst\u00e0ncies i per motius relacionats amb la seva situaci\u00f3 particular, els interessats podran exercitar el seu dret d&#8217;OPOSICI\u00d3 al tractament de les seves dades. Deixarem de tractar les dades, excepte per motius leg\u00edtims imperiosos, o l&#8217; exercici o la defensa de possibles reclamacions.<\/p>\n<p>\u2013 En determinades circumst\u00e0ncies i per motius relacionats amb la teva situaci\u00f3 particular, podr\u00e0s sol\u00b7licitar el seu dret a la PORTABILITAT de les dades.<\/p>\n<p>Podr\u00e0s exercir aquests drets o demanar informaci\u00f3 addicional presentant c\u00f2pia d&#8217;un document<\/p>\n<p>identificatiu i exposant breument el seu cas i el dret que vol exercir, mitjan\u00e7ant carta adre\u00e7ada a<\/p>\n<p>Mosquera Studio a la direcci\u00f3 principal situada a Enrique granados 19 Barbera del Valles 08210 Barcelona<\/p>\n<p>E-mail: raul@mosquera.studio, o a trav\u00e9s de l&#8217; adre\u00e7a de correu electr\u00f2nic raul@mosquera.studio.<\/p>\n<p>A m\u00e9s, en cas que s&#8217;hagi vulnerat qualsevol dels teus drets, l&#8217;interessat t\u00e9 dret a presentar una reclamaci\u00f3 davant l&#8217;Ag\u00e8ncia Espanyola de Protecci\u00f3 de Dades (AEPD), al C\/ Jorge Juan, 6, 28001-Madrid o a trav\u00e9s de la seu electr\u00f2nica de l&#8217;AEPD: https:\/\/sedeagpd.gob.es\/sede-electronica-web\/.<\/p>\n<p><b>8. Durada i modificaci\u00f3 de la Pol\u00edtica de Privacitat:<\/b><\/p>\n<p>Mosquera Studio es reserva el dret a modificar, totalment o parcialment, la present Pol\u00edtica de Privacitat, publicant els canvis en el Lloc Web. Aix\u00ed mateix, podr\u00e0 efectuar sense previ av\u00eds les modificacions que consideri oportunes, podent canviar, suprimir o afegir tant els continguts i serveis que presta, com la forma en la qual aquests apareguin presentats o localitzats. En conseq\u00fc\u00e8ncia, s&#8217;entendran com a vigents, les condicions generals\/Pol\u00edtiques que estiguin publicades en el moment en qu\u00e8 l&#8217;Usuari accedeixi haur\u00e0 de llegir-les peri\u00f2dicament.<\/p>\n<p>Amb independ\u00e8ncia del que es disposa, Mosquera Studio podr\u00e0 donar per acabat, suspendre o interrompre, en qualsevol moment sense necessitat de preav\u00eds, l&#8217;acc\u00e9s als continguts del Lloc Web, sense possibilitat per part de l&#8217;Usuari d&#8217;exigir cap indemnitzaci\u00f3.<\/p>\n<\/div>\n<\/div>\n<\/div>\n","protected":false},"excerpt":{"rendered":"<p>1. Recollida, tractament i \u00fas de les dades personals al web: En [&hellip;]<\/p>\n","protected":false},"author":1,"featured_media":0,"parent":0,"menu_order":0,"comment_status":"closed","ping_status":"closed","template":"","meta":{"footnotes":""},"class_list":["post-7209","page","type-page","status-publish","hentry"],"yoast_head":"<!-- This site is optimized with the Yoast SEO plugin v27.5 - https:\/\/yoast.com\/product\/yoast-seo-wordpress\/ -->\n<title>Pol\u00edtica de Privacitat | V\u00edctor Santana<\/title>\n<meta name=\"robots\" content=\"index, follow, max-snippet:-1, max-image-preview:large, max-video-preview:-1\" \/>\n<link rel=\"canonical\" href=\"https:\/\/mosquera.studio\/ca\/politica-de-privacitat\/\" \/>\n<meta property=\"og:locale\" content=\"ca_ES\" \/>\n<meta property=\"og:type\" content=\"article\" \/>\n<meta property=\"og:title\" content=\"Pol\u00edtica de Privacitat | V\u00edctor Santana\" \/>\n<meta property=\"og:description\" content=\"1. Recollida, tractament i \u00fas de les dades personals al web: En [&hellip;]\" \/>\n<meta property=\"og:url\" content=\"https:\/\/mosquera.studio\/ca\/politica-de-privacitat\/\" \/>\n<meta property=\"og:site_name\" content=\"Mosquera Studio\" \/>\n<meta property=\"og:image\" content=\"https:\/\/mosquera.studio\/wp-content\/uploads\/2023\/08\/logo-mosquera-x2.png\" \/>\n\t<meta property=\"og:image:width\" content=\"420\" \/>\n\t<meta property=\"og:image:height\" content=\"300\" \/>\n\t<meta property=\"og:image:type\" content=\"image\/png\" \/>\n<meta name=\"twitter:card\" content=\"summary_large_image\" \/>\n<meta name=\"twitter:label1\" content=\"Temps estimat de lectura\" \/>\n\t<meta name=\"twitter:data1\" content=\"8 minuts\" \/>\n<script type=\"application\/ld+json\" class=\"yoast-schema-graph\">{\"@context\":\"https:\\\/\\\/schema.org\",\"@graph\":[{\"@type\":\"WebPage\",\"@id\":\"https:\\\/\\\/mosquera.studio\\\/ca\\\/politica-de-privacitat\\\/\",\"url\":\"https:\\\/\\\/mosquera.studio\\\/ca\\\/politica-de-privacitat\\\/\",\"name\":\"Pol\u00edtica de Privacitat | V\u00edctor Santana\",\"isPartOf\":{\"@id\":\"https:\\\/\\\/mosquera.studio\\\/ca\\\/#website\"},\"datePublished\":\"2023-06-09T14:50:37+00:00\",\"breadcrumb\":{\"@id\":\"https:\\\/\\\/mosquera.studio\\\/ca\\\/politica-de-privacitat\\\/#breadcrumb\"},\"inLanguage\":\"ca\",\"potentialAction\":[{\"@type\":\"ReadAction\",\"target\":[\"https:\\\/\\\/mosquera.studio\\\/ca\\\/politica-de-privacitat\\\/\"]}]},{\"@type\":\"BreadcrumbList\",\"@id\":\"https:\\\/\\\/mosquera.studio\\\/ca\\\/politica-de-privacitat\\\/#breadcrumb\",\"itemListElement\":[{\"@type\":\"ListItem\",\"position\":1,\"name\":\"Home\",\"item\":\"https:\\\/\\\/mosquera.studio\\\/ca\\\/\"},{\"@type\":\"ListItem\",\"position\":2,\"name\":\"Pol\u00edtica de Privacitat\"}]},{\"@type\":\"WebSite\",\"@id\":\"https:\\\/\\\/mosquera.studio\\\/ca\\\/#website\",\"url\":\"https:\\\/\\\/mosquera.studio\\\/ca\\\/\",\"name\":\"Mosquera Studio\",\"description\":\"Dise\u00f1o de Interiores y Arquitectura\",\"publisher\":{\"@id\":\"https:\\\/\\\/mosquera.studio\\\/ca\\\/#organization\"},\"alternateName\":\"Rehabilitaci\u00f3n y restauraci\u00f3n de edificios\",\"potentialAction\":[{\"@type\":\"SearchAction\",\"target\":{\"@type\":\"EntryPoint\",\"urlTemplate\":\"https:\\\/\\\/mosquera.studio\\\/ca\\\/?s={search_term_string}\"},\"query-input\":{\"@type\":\"PropertyValueSpecification\",\"valueRequired\":true,\"valueName\":\"search_term_string\"}}],\"inLanguage\":\"ca\"},{\"@type\":\"Organization\",\"@id\":\"https:\\\/\\\/mosquera.studio\\\/ca\\\/#organization\",\"name\":\"Mosquera Studio\",\"alternateName\":\"Dise\u00f1o de Interiores y Arquitectura\",\"url\":\"https:\\\/\\\/mosquera.studio\\\/ca\\\/\",\"logo\":{\"@type\":\"ImageObject\",\"inLanguage\":\"ca\",\"@id\":\"https:\\\/\\\/mosquera.studio\\\/ca\\\/#\\\/schema\\\/logo\\\/image\\\/\",\"url\":\"https:\\\/\\\/mosquera.studio\\\/wp-content\\\/uploads\\\/2023\\\/08\\\/logo-mosquera-x2.png\",\"contentUrl\":\"https:\\\/\\\/mosquera.studio\\\/wp-content\\\/uploads\\\/2023\\\/08\\\/logo-mosquera-x2.png\",\"width\":420,\"height\":300,\"caption\":\"Mosquera Studio\"},\"image\":{\"@id\":\"https:\\\/\\\/mosquera.studio\\\/ca\\\/#\\\/schema\\\/logo\\\/image\\\/\"}}]}<\/script>\n<!-- \/ Yoast SEO plugin. -->","yoast_head_json":{"title":"Pol\u00edtica de Privacitat | V\u00edctor Santana","robots":{"index":"index","follow":"follow","max-snippet":"max-snippet:-1","max-image-preview":"max-image-preview:large","max-video-preview":"max-video-preview:-1"},"canonical":"https:\/\/mosquera.studio\/ca\/politica-de-privacitat\/","og_locale":"ca_ES","og_type":"article","og_title":"Pol\u00edtica de Privacitat | V\u00edctor Santana","og_description":"1. Recollida, tractament i \u00fas de les dades personals al web: En [&hellip;]","og_url":"https:\/\/mosquera.studio\/ca\/politica-de-privacitat\/","og_site_name":"Mosquera Studio","og_image":[{"width":420,"height":300,"url":"https:\/\/mosquera.studio\/wp-content\/uploads\/2023\/08\/logo-mosquera-x2.png","type":"image\/png"}],"twitter_card":"summary_large_image","twitter_misc":{"Temps estimat de lectura":"8 minuts"},"schema":{"@context":"https:\/\/schema.org","@graph":[{"@type":"WebPage","@id":"https:\/\/mosquera.studio\/ca\/politica-de-privacitat\/","url":"https:\/\/mosquera.studio\/ca\/politica-de-privacitat\/","name":"Pol\u00edtica de Privacitat | V\u00edctor Santana","isPartOf":{"@id":"https:\/\/mosquera.studio\/ca\/#website"},"datePublished":"2023-06-09T14:50:37+00:00","breadcrumb":{"@id":"https:\/\/mosquera.studio\/ca\/politica-de-privacitat\/#breadcrumb"},"inLanguage":"ca","potentialAction":[{"@type":"ReadAction","target":["https:\/\/mosquera.studio\/ca\/politica-de-privacitat\/"]}]},{"@type":"BreadcrumbList","@id":"https:\/\/mosquera.studio\/ca\/politica-de-privacitat\/#breadcrumb","itemListElement":[{"@type":"ListItem","position":1,"name":"Home","item":"https:\/\/mosquera.studio\/ca\/"},{"@type":"ListItem","position":2,"name":"Pol\u00edtica de Privacitat"}]},{"@type":"WebSite","@id":"https:\/\/mosquera.studio\/ca\/#website","url":"https:\/\/mosquera.studio\/ca\/","name":"Mosquera Studio","description":"Dise\u00f1o de Interiores y Arquitectura","publisher":{"@id":"https:\/\/mosquera.studio\/ca\/#organization"},"alternateName":"Rehabilitaci\u00f3n y restauraci\u00f3n de edificios","potentialAction":[{"@type":"SearchAction","target":{"@type":"EntryPoint","urlTemplate":"https:\/\/mosquera.studio\/ca\/?s={search_term_string}"},"query-input":{"@type":"PropertyValueSpecification","valueRequired":true,"valueName":"search_term_string"}}],"inLanguage":"ca"},{"@type":"Organization","@id":"https:\/\/mosquera.studio\/ca\/#organization","name":"Mosquera Studio","alternateName":"Dise\u00f1o de Interiores y Arquitectura","url":"https:\/\/mosquera.studio\/ca\/","logo":{"@type":"ImageObject","inLanguage":"ca","@id":"https:\/\/mosquera.studio\/ca\/#\/schema\/logo\/image\/","url":"https:\/\/mosquera.studio\/wp-content\/uploads\/2023\/08\/logo-mosquera-x2.png","contentUrl":"https:\/\/mosquera.studio\/wp-content\/uploads\/2023\/08\/logo-mosquera-x2.png","width":420,"height":300,"caption":"Mosquera Studio"},"image":{"@id":"https:\/\/mosquera.studio\/ca\/#\/schema\/logo\/image\/"}}]}},"_links":{"self":[{"href":"https:\/\/mosquera.studio\/ca\/wp-json\/wp\/v2\/pages\/7209","targetHints":{"allow":["GET"]}}],"collection":[{"href":"https:\/\/mosquera.studio\/ca\/wp-json\/wp\/v2\/pages"}],"about":[{"href":"https:\/\/mosquera.studio\/ca\/wp-json\/wp\/v2\/types\/page"}],"author":[{"embeddable":true,"href":"https:\/\/mosquera.studio\/ca\/wp-json\/wp\/v2\/users\/1"}],"replies":[{"embeddable":true,"href":"https:\/\/mosquera.studio\/ca\/wp-json\/wp\/v2\/comments?post=7209"}],"version-history":[{"count":0,"href":"https:\/\/mosquera.studio\/ca\/wp-json\/wp\/v2\/pages\/7209\/revisions"}],"wp:attachment":[{"href":"https:\/\/mosquera.studio\/ca\/wp-json\/wp\/v2\/media?parent=7209"}],"curies":[{"name":"wp","href":"https:\/\/api.w.org\/{rel}","templated":true}]}}